{"id":8,"date":"2024-02-28T13:15:39","date_gmt":"2024-02-28T13:15:39","guid":{"rendered":"https:\/\/top-mastermind.chrhei.hera.wpspace.me\/?page_id=8"},"modified":"2024-02-29T08:05:41","modified_gmt":"2024-02-29T08:05:41","slug":"home","status":"publish","type":"page","link":"https:\/\/top-mastermind.chrhei.hera.wpspace.me\/","title":{"rendered":"Home"},"content":{"rendered":"\t\t<div data-elementor-type=\"wp-page\" data-elementor-id=\"8\" class=\"elementor elementor-8\" data-elementor-post-type=\"page\">\n\t\t\t\t<div class=\"elementor-element elementor-element-90e5b7c e-flex e-con-boxed e-con e-parent\" data-id=\"90e5b7c\" data-element_type=\"container\" data-settings=\"{&quot;background_background&quot;:&quot;classic&quot;}\" data-core-v316-plus=\"true\">\n\t\t\t\t\t<div class=\"e-con-inner\">\n\t\t\t\t<div class=\"elementor-element elementor-element-1387abf elementor-widget elementor-widget-image\" data-id=\"1387abf\" data-element_type=\"widget\" data-widget_type=\"image.default\">\n\t\t\t\t<div class=\"elementor-widget-container\">\n\t\t\t<style>\/*! elementor - v3.20.0 - 13-03-2024 *\/\n.elementor-widget-image{text-align:center}.elementor-widget-image a{display:inline-block}.elementor-widget-image a img[src$=\".svg\"]{width:48px}.elementor-widget-image img{vertical-align:middle;display:inline-block}<\/style>\t\t\t\t\t\t\t\t\t\t<img fetchpriority=\"high\" decoding=\"async\" width=\"1500\" height=\"939\" src=\"https:\/\/top-mastermind.chrhei.hera.wpspace.me\/wp-content\/uploads\/2024\/02\/Logo_Top_Mastermind.png\" class=\"attachment-full size-full wp-image-58\" alt=\"\" srcset=\"https:\/\/top-mastermind.chrhei.hera.wpspace.me\/wp-content\/uploads\/2024\/02\/Logo_Top_Mastermind.png 1500w, https:\/\/top-mastermind.chrhei.hera.wpspace.me\/wp-content\/uploads\/2024\/02\/Logo_Top_Mastermind-300x188.png 300w, https:\/\/top-mastermind.chrhei.hera.wpspace.me\/wp-content\/uploads\/2024\/02\/Logo_Top_Mastermind-1024x641.png 1024w, https:\/\/top-mastermind.chrhei.hera.wpspace.me\/wp-content\/uploads\/2024\/02\/Logo_Top_Mastermind-768x481.png 768w\" sizes=\"(max-width: 1500px) 100vw, 1500px\" \/>\t\t\t\t\t\t\t\t\t\t\t\t\t<\/div>\n\t\t\t\t<\/div>\n\t\t\t\t<div class=\"elementor-element elementor-element-c1d7c74 elementor-widget__width-initial elementor-widget elementor-widget-heading\" data-id=\"c1d7c74\" data-element_type=\"widget\" data-widget_type=\"heading.default\">\n\t\t\t\t<div class=\"elementor-widget-container\">\n\t\t\t<style>\/*! elementor - v3.20.0 - 13-03-2024 *\/\n.elementor-heading-title{padding:0;margin:0;line-height:1}.elementor-widget-heading .elementor-heading-title[class*=elementor-size-]>a{color:inherit;font-size:inherit;line-height:inherit}.elementor-widget-heading .elementor-heading-title.elementor-size-small{font-size:15px}.elementor-widget-heading .elementor-heading-title.elementor-size-medium{font-size:19px}.elementor-widget-heading .elementor-heading-title.elementor-size-large{font-size:29px}.elementor-widget-heading .elementor-heading-title.elementor-size-xl{font-size:39px}.elementor-widget-heading .elementor-heading-title.elementor-size-xxl{font-size:59px}<\/style><h2 class=\"elementor-heading-title elementor-size-default\">die Elite-Unternehmer-Mastermind, die Sie und Ihr Unternehmen auf die n\u00e4chste Stufe bringt. Hier steht der konstruktive Austausch mit Gleichgesinnten im Mittelpunkt.<\/h2>\t\t<\/div>\n\t\t\t\t<\/div>\n\t\t\t\t<div class=\"elementor-element elementor-element-5c104fa elementor-align-center elementor-widget elementor-widget-button\" data-id=\"5c104fa\" data-element_type=\"widget\" data-widget_type=\"button.default\">\n\t\t\t\t<div class=\"elementor-widget-container\">\n\t\t\t\t\t<div class=\"elementor-button-wrapper\">\n\t\t\t<a class=\"elementor-button elementor-button-link elementor-size-md\" href=\"#\">\n\t\t\t\t\t\t<span class=\"elementor-button-content-wrapper\">\n\t\t\t\t\t\t<span class=\"elementor-button-text\">Jetzt bewerben<\/span>\n\t\t<\/span>\n\t\t\t\t\t<\/a>\n\t\t<\/div>\n\t\t\t\t<\/div>\n\t\t\t\t<\/div>\n\t\t\t\t\t<\/div>\n\t\t\t\t<\/div>\n\t\t<div class=\"elementor-element elementor-element-992c36c e-flex e-con-boxed e-con e-parent\" data-id=\"992c36c\" data-element_type=\"container\" data-core-v316-plus=\"true\">\n\t\t\t\t\t<div class=\"e-con-inner\">\n\t\t\t\t<div class=\"elementor-element elementor-element-30d0ef7 elementor-widget elementor-widget-heading\" data-id=\"30d0ef7\" data-element_type=\"widget\" data-widget_type=\"heading.default\">\n\t\t\t\t<div class=\"elementor-widget-container\">\n\t\t\t<h2 class=\"elementor-heading-title elementor-size-default\">Willkommen in der Zukunft des Unternehmertums: Ihr Partner f\u00fcr Wachstum und Erfolg<\/h2>\t\t<\/div>\n\t\t\t\t<\/div>\n\t\t\t\t<div class=\"elementor-element elementor-element-c976207 elementor-widget elementor-widget-text-editor\" data-id=\"c976207\" data-element_type=\"widget\" data-widget_type=\"text-editor.default\">\n\t\t\t\t<div class=\"elementor-widget-container\">\n\t\t\t<style>\/*! elementor - v3.20.0 - 13-03-2024 *\/\n.elementor-widget-text-editor.elementor-drop-cap-view-stacked .elementor-drop-cap{background-color:#69727d;color:#fff}.elementor-widget-text-editor.elementor-drop-cap-view-framed .elementor-drop-cap{color:#69727d;border:3px solid;background-color:transparent}.elementor-widget-text-editor:not(.elementor-drop-cap-view-default) .elementor-drop-cap{margin-top:8px}.elementor-widget-text-editor:not(.elementor-drop-cap-view-default) .elementor-drop-cap-letter{width:1em;height:1em}.elementor-widget-text-editor .elementor-drop-cap{float:left;text-align:center;line-height:1;font-size:50px}.elementor-widget-text-editor .elementor-drop-cap-letter{display:inline-block}<\/style>\t\t\t\t<p>In einer Welt, die sich st\u00e4ndig ver\u00e4ndert und wo Unternehmertum mehr denn je gefordert ist, steht TOP-Mastermind als Ihr verl\u00e4sslicher Partner zur Seite. Wir verstehen die Herausforderungen, denen Sie sich t\u00e4glich stellen, und bieten einen Raum, in dem der Austausch von Wissen und Erfahrungen nicht nur gef\u00f6rdert, sondern gelebt wird. Denn bei uns gilt: \u201eDer konstruktive Austausch mit Gleichgesinnten ist nicht nur eine Bereicherung, es ist die wertvollste Investition in Ihre Zukunft.\u201c<\/p>\t\t\t\t\t\t<\/div>\n\t\t\t\t<\/div>\n\t\t\t\t\t<\/div>\n\t\t\t\t<\/div>\n\t\t<div class=\"elementor-element elementor-element-495d35a e-flex e-con-boxed e-con e-parent\" data-id=\"495d35a\" data-element_type=\"container\" data-core-v316-plus=\"true\">\n\t\t\t\t\t<div class=\"e-con-inner\">\n\t\t<div class=\"elementor-element elementor-element-c198d7f e-flex e-con-boxed e-con e-child\" data-id=\"c198d7f\" data-element_type=\"container\">\n\t\t\t\t\t<div class=\"e-con-inner\">\n\t\t\t\t<div class=\"elementor-element elementor-element-21950ec elementor-widget elementor-widget-heading\" data-id=\"21950ec\" data-element_type=\"widget\" data-widget_type=\"heading.default\">\n\t\t\t\t<div class=\"elementor-widget-container\">\n\t\t\t<h2 class=\"elementor-heading-title elementor-size-default\">Was ist TOP-Mastermind?<\/h2>\t\t<\/div>\n\t\t\t\t<\/div>\n\t\t\t\t<div class=\"elementor-element elementor-element-34db8e5 elementor-widget elementor-widget-heading\" data-id=\"34db8e5\" data-element_type=\"widget\" data-widget_type=\"heading.default\">\n\t\t\t\t<div class=\"elementor-widget-container\">\n\t\t\t<h3 class=\"elementor-heading-title elementor-size-default\">Ein exklusives Netzwerk, das Unternehmer zusammenbringt<\/h3>\t\t<\/div>\n\t\t\t\t<\/div>\n\t\t\t\t<div class=\"elementor-element elementor-element-5074ee9 elementor-widget elementor-widget-text-editor\" data-id=\"5074ee9\" data-element_type=\"widget\" data-widget_type=\"text-editor.default\">\n\t\t\t\t<div class=\"elementor-widget-container\">\n\t\t\t\t\t\t\t<p>TOP-Mastermind ist ein exklusives Netzwerk f\u00fcr Unternehmer aus verschiedensten Branchen, die sich auf einer vertrauensvollen und gleichberechtigten Ebene austauschen m\u00f6chten. Inspiriert vom Master-Mind-Prinzip von Napoleon Hill, schaffen wir eine Umgebung, in der Unternehmer sich gegenseitig unterst\u00fctzen, um gemeinsame und individuelle Ziele zu erreichen.<\/p>\t\t\t\t\t\t<\/div>\n\t\t\t\t<\/div>\n\t\t\t\t\t<\/div>\n\t\t\t\t<\/div>\n\t\t\t\t<div class=\"elementor-element elementor-element-7a94d9b elementor-widget elementor-widget-image\" data-id=\"7a94d9b\" data-element_type=\"widget\" data-widget_type=\"image.default\">\n\t\t\t\t<div class=\"elementor-widget-container\">\n\t\t\t\t\t\t\t\t\t\t\t\t\t<img decoding=\"async\" width=\"800\" height=\"562\" src=\"https:\/\/top-mastermind.chrhei.hera.wpspace.me\/wp-content\/uploads\/2024\/02\/Gruppe-Menschen-LP-1024x719.webp\" class=\"attachment-large size-large wp-image-23\" alt=\"\" srcset=\"https:\/\/top-mastermind.chrhei.hera.wpspace.me\/wp-content\/uploads\/2024\/02\/Gruppe-Menschen-LP-1024x719.webp 1024w, https:\/\/top-mastermind.chrhei.hera.wpspace.me\/wp-content\/uploads\/2024\/02\/Gruppe-Menschen-LP-300x211.webp 300w, https:\/\/top-mastermind.chrhei.hera.wpspace.me\/wp-content\/uploads\/2024\/02\/Gruppe-Menschen-LP-768x539.webp 768w, https:\/\/top-mastermind.chrhei.hera.wpspace.me\/wp-content\/uploads\/2024\/02\/Gruppe-Menschen-LP.webp 1140w\" sizes=\"(max-width: 800px) 100vw, 800px\" \/>\t\t\t\t\t\t\t\t\t\t\t\t\t<\/div>\n\t\t\t\t<\/div>\n\t\t\t\t\t<\/div>\n\t\t\t\t<\/div>\n\t\t<div class=\"elementor-element elementor-element-b29f5e4 e-flex e-con-boxed e-con e-parent\" data-id=\"b29f5e4\" data-element_type=\"container\" data-settings=\"{&quot;background_background&quot;:&quot;classic&quot;}\" data-core-v316-plus=\"true\">\n\t\t\t\t\t<div class=\"e-con-inner\">\n\t\t\t\t<div class=\"elementor-element elementor-element-a5fad7a elementor-widget elementor-widget-text-editor\" data-id=\"a5fad7a\" data-element_type=\"widget\" data-widget_type=\"text-editor.default\">\n\t\t\t\t<div class=\"elementor-widget-container\">\n\t\t\t\t\t\t\t<p><i>\u201eDas Master-Mind-Prinzip: Zwei oder mehr Menschen, die aktiv ein bestimmtes Ziel mit einer positiven geistigen Einstellung verfolgen, bilden eine unschlagbare Kraft.\u201c<\/i><\/p>\n<p><b>Napoleon Hill<\/b><\/p>\t\t\t\t\t\t<\/div>\n\t\t\t\t<\/div>\n\t\t\t\t\t<\/div>\n\t\t\t\t<\/div>\n\t\t<div class=\"elementor-element elementor-element-a2c21cf e-flex e-con-boxed e-con e-parent\" data-id=\"a2c21cf\" data-element_type=\"container\" data-core-v316-plus=\"true\">\n\t\t\t\t\t<div class=\"e-con-inner\">\n\t\t\t\t<div class=\"elementor-element elementor-element-79ecdf6 elementor-widget__width-initial elementor-widget elementor-widget-image\" data-id=\"79ecdf6\" data-element_type=\"widget\" data-widget_type=\"image.default\">\n\t\t\t\t<div class=\"elementor-widget-container\">\n\t\t\t\t\t\t\t\t\t\t\t\t\t<img decoding=\"async\" width=\"800\" height=\"562\" src=\"https:\/\/top-mastermind.chrhei.hera.wpspace.me\/wp-content\/uploads\/2024\/02\/Gruppe-Menschen-LP-1024x719.webp\" class=\"attachment-large size-large wp-image-23\" alt=\"\" srcset=\"https:\/\/top-mastermind.chrhei.hera.wpspace.me\/wp-content\/uploads\/2024\/02\/Gruppe-Menschen-LP-1024x719.webp 1024w, https:\/\/top-mastermind.chrhei.hera.wpspace.me\/wp-content\/uploads\/2024\/02\/Gruppe-Menschen-LP-300x211.webp 300w, https:\/\/top-mastermind.chrhei.hera.wpspace.me\/wp-content\/uploads\/2024\/02\/Gruppe-Menschen-LP-768x539.webp 768w, https:\/\/top-mastermind.chrhei.hera.wpspace.me\/wp-content\/uploads\/2024\/02\/Gruppe-Menschen-LP.webp 1140w\" sizes=\"(max-width: 800px) 100vw, 800px\" \/>\t\t\t\t\t\t\t\t\t\t\t\t\t<\/div>\n\t\t\t\t<\/div>\n\t\t<div class=\"elementor-element elementor-element-97ad604 e-flex e-con-boxed e-con e-child\" data-id=\"97ad604\" data-element_type=\"container\">\n\t\t\t\t\t<div class=\"e-con-inner\">\n\t\t\t\t<div class=\"elementor-element elementor-element-1327524 elementor-widget elementor-widget-heading\" data-id=\"1327524\" data-element_type=\"widget\" data-widget_type=\"heading.default\">\n\t\t\t\t<div class=\"elementor-widget-container\">\n\t\t\t<h2 class=\"elementor-heading-title elementor-size-default\">Ihr Nutzen durch die Teilnahme<\/h2>\t\t<\/div>\n\t\t\t\t<\/div>\n\t\t\t\t<div class=\"elementor-element elementor-element-dbf430b elementor-widget elementor-widget-text-editor\" data-id=\"dbf430b\" data-element_type=\"widget\" data-widget_type=\"text-editor.default\">\n\t\t\t\t<div class=\"elementor-widget-container\">\n\t\t\t\t\t\t\t<p>Mit Ihrer Teilnahme an der TOP-Mastermind erhalten Sie:<\/p><ul><li><b>Ein wertvolles Unternehmer-Netzwerk:<\/b> Vernetzen Sie sich mit Gleichgesinnten und erweitern Sie Ihr eigenes Netzwerk durch unsere sorgf\u00e4ltig ausgew\u00e4hlten Teilnehmer.<\/li><li><b>Ideen und Impulse f\u00fcr Sie und Ihr Business:<\/b> Profitieren Sie von den Erfahrungen und dem Wissen der Gruppenmitglieder, um &#8222;Abk\u00fcrzungen&#8220;, Ideen und Impulse zu erhalten, die Ihr Business voranbringen.<\/li><li><b>Denkzeit f\u00fcr strategische Entscheidungen:<\/b> Nehmen Sie sich die Zeit, die Sie im Alltag selten finden, um \u00fcber wichtige Entscheidungen und die strategische Ausrichtung Ihres Unternehmens nachzudenken.<\/li><\/ul>\t\t\t\t\t\t<\/div>\n\t\t\t\t<\/div>\n\t\t\t\t\t<\/div>\n\t\t\t\t<\/div>\n\t\t\t\t\t<\/div>\n\t\t\t\t<\/div>\n\t\t<div class=\"elementor-element elementor-element-b6866de e-flex e-con-boxed e-con e-parent\" data-id=\"b6866de\" data-element_type=\"container\" data-core-v316-plus=\"true\">\n\t\t\t\t\t<div class=\"e-con-inner\">\n\t\t\t\t<div class=\"elementor-element elementor-element-ef05bac elementor-widget elementor-widget-heading\" data-id=\"ef05bac\" data-element_type=\"widget\" data-widget_type=\"heading.default\">\n\t\t\t\t<div class=\"elementor-widget-container\">\n\t\t\t<h2 class=\"elementor-heading-title elementor-size-default\">Das Besondere an dieser Mastermind<\/h2>\t\t<\/div>\n\t\t\t\t<\/div>\n\t\t\t\t<div class=\"elementor-element elementor-element-14775c9 elementor-widget elementor-widget-text-editor\" data-id=\"14775c9\" data-element_type=\"widget\" data-widget_type=\"text-editor.default\">\n\t\t\t\t<div class=\"elementor-widget-container\">\n\t\t\t\t\t\t\t<ul>\n<li>Wertvolle und praktische Mini-Workshops und Impulsvortr\u00e4ge: Erhalten Sie Zugang zu ma\u00dfgeschneiderten Workshops, die speziell auf die Bed\u00fcrfnisse von Unternehmern zugeschnitten sind.<\/li>\n<li>Eine begrenzte Anzahl von Teilnehmern: Um die Qualit\u00e4t und Intensit\u00e4t des Austauschs zu gew\u00e4hrleisten, ist die Anzahl der Teilnehmer auf maximal 8 begrenzt.<\/li>\n<\/ul>\t\t\t\t\t\t<\/div>\n\t\t\t\t<\/div>\n\t\t\t\t<div class=\"elementor-element elementor-element-8cec027 elementor-widget elementor-widget-heading\" data-id=\"8cec027\" data-element_type=\"widget\" data-widget_type=\"heading.default\">\n\t\t\t\t<div class=\"elementor-widget-container\">\n\t\t\t<h3 class=\"elementor-heading-title elementor-size-default\">Die Auswahl unserer Mastermind-Teilnehmer erfolgt mit gr\u00f6\u00dfter Sorgfalt<\/h3>\t\t<\/div>\n\t\t\t\t<\/div>\n\t\t\t\t<div class=\"elementor-element elementor-element-e6b25bd elementor-widget elementor-widget-text-editor\" data-id=\"e6b25bd\" data-element_type=\"widget\" data-widget_type=\"text-editor.default\">\n\t\t\t\t<div class=\"elementor-widget-container\">\n\t\t\t\t\t\t\t<ul><li>Wertvolle und praktische Mini-Workshops und Impulsvortr\u00e4ge: Erhalten Sie Zugang zu ma\u00dfgeschneiderten Workshops, die speziell auf die Bed\u00fcrfnisse von Unternehmern zugeschnitten sind.<\/li><li>Eine begrenzte Anzahl von Teilnehmern: Um die Qualit\u00e4t und Intensit\u00e4t des Austauschs zu gew\u00e4hrleisten, ist die Anzahl der Teilnehmer auf maximal 25 begrenzt.<\/li><\/ul>\t\t\t\t\t\t<\/div>\n\t\t\t\t<\/div>\n\t\t\t\t<div class=\"elementor-element elementor-element-a1f4662 elementor-align-center elementor-widget elementor-widget-button\" data-id=\"a1f4662\" data-element_type=\"widget\" data-widget_type=\"button.default\">\n\t\t\t\t<div class=\"elementor-widget-container\">\n\t\t\t\t\t<div class=\"elementor-button-wrapper\">\n\t\t\t<a class=\"elementor-button elementor-button-link elementor-size-md\" href=\"#\">\n\t\t\t\t\t\t<span class=\"elementor-button-content-wrapper\">\n\t\t\t\t\t\t<span class=\"elementor-button-text\">Ja, ich will bei der TOP-Mastermind dabei sein!<\/span>\n\t\t<\/span>\n\t\t\t\t\t<\/a>\n\t\t<\/div>\n\t\t\t\t<\/div>\n\t\t\t\t<\/div>\n\t\t\t\t<div class=\"elementor-element elementor-element-f157490 elementor-widget elementor-widget-text-editor\" data-id=\"f157490\" data-element_type=\"widget\" data-widget_type=\"text-editor.default\">\n\t\t\t\t<div class=\"elementor-widget-container\">\n\t\t\t\t\t\t\t<p>Jetzt bewerben und Teil von etwas Gro\u00dfartigem werden.<\/p>\t\t\t\t\t\t<\/div>\n\t\t\t\t<\/div>\n\t\t\t\t\t<\/div>\n\t\t\t\t<\/div>\n\t\t<div class=\"elementor-element elementor-element-1e0667e e-flex e-con-boxed e-con e-parent\" data-id=\"1e0667e\" data-element_type=\"container\" data-core-v316-plus=\"true\">\n\t\t\t\t\t<div class=\"e-con-inner\">\n\t\t\t\t<div class=\"elementor-element elementor-element-4f54778 elementor-widget__width-initial elementor-widget elementor-widget-text-editor\" data-id=\"4f54778\" data-element_type=\"widget\" data-widget_type=\"text-editor.default\">\n\t\t\t\t<div class=\"elementor-widget-container\">\n\t\t\t\t\t\t\t<p>Hinter TOP-Mastermind steht ein Team aus erfahrenen Unternehmer:innen, Innovatoren und Vordenkern, die ihre Leidenschaft f\u00fcr Wachstum und Erfolg teilen. Angef\u00fchrt von <b>Joanna Miklitz <\/b>und<b>\u00a0Walter Stuber<\/b>, vereint unser Team eine beeindruckende Vielfalt an Erfahrungen und Fachkenntnissen. Gemeinsam haben wir es uns zur Aufgabe gemacht, eine einzigartiges Format zu schaffen, in dem Unternehmer:innen nicht nur zusammenkommen, sondern auch voneinander lernen, sich gegenseitig inspirieren und gemeinsam wachsen k\u00f6nnen. Unsere Prinzipien basieren auf Vertrauen, Transparenz und dem unersch\u00fctterlichen Glauben daran, dass wir gemeinsam mehr erreichen k\u00f6nnen. Bei TOP-Mastermind geht es um mehr als nur Gesch\u00e4ft; es geht um eine Bewegung, die darauf abzielt, die Art und Weise, wie wir denken, netzwerken und innovieren, zu ver\u00e4ndern.<\/p><p>\u00a0<\/p>\t\t\t\t\t\t<\/div>\n\t\t\t\t<\/div>\n\t\t\t\t<div class=\"elementor-element elementor-element-2b31ca0 elementor-widget elementor-widget-image\" data-id=\"2b31ca0\" data-element_type=\"widget\" data-widget_type=\"image.default\">\n\t\t\t\t<div class=\"elementor-widget-container\">\n\t\t\t\t\t\t\t\t\t\t\t\t\t<img decoding=\"async\" src=\"https:\/\/top-mastermind.chrhei.hera.wpspace.me\/wp-content\/plugins\/elementor\/assets\/images\/placeholder.png\" title=\"\" alt=\"\" loading=\"lazy\" \/>\t\t\t\t\t\t\t\t\t\t\t\t\t<\/div>\n\t\t\t\t<\/div>\n\t\t\t\t\t<\/div>\n\t\t\t\t<\/div>\n\t\t\t\t<\/div>\n\t\t","protected":false},"excerpt":{"rendered":"<p>die Elite-Unternehmer-Mastermind, die Sie und Ihr Unternehmen auf die n\u00e4chste Stufe bringt. Hier steht der konstruktive Austausch mit Gleichgesinnten im Mittelpunkt. Jetzt bewerben Willkommen in der Zukunft des Unternehmertums: Ihr Partner f\u00fcr Wachstum und Erfolg In einer Welt, die sich st\u00e4ndig ver\u00e4ndert und wo Unternehmertum mehr denn je gefordert ist, steht TOP-Mastermind als Ihr verl\u00e4sslicher [&hellip;]<\/p>\n","protected":false},"author":1,"featured_media":0,"parent":0,"menu_order":0,"comment_status":"closed","ping_status":"closed","template":"elementor_canvas","meta":{"footnotes":""},"class_list":["post-8","page","type-page","status-publish","hentry"],"_links":{"self":[{"href":"https:\/\/top-mastermind.chrhei.hera.wpspace.me\/index.php?rest_route=\/wp\/v2\/pages\/8","targetHints":{"allow":["GET"]}}],"collection":[{"href":"https:\/\/top-mastermind.chrhei.hera.wpspace.me\/index.php?rest_route=\/wp\/v2\/pages"}],"about":[{"href":"https:\/\/top-mastermind.chrhei.hera.wpspace.me\/index.php?rest_route=\/wp\/v2\/types\/page"}],"author":[{"embeddable":true,"href":"https:\/\/top-mastermind.chrhei.hera.wpspace.me\/index.php?rest_route=\/wp\/v2\/users\/1"}],"replies":[{"embeddable":true,"href":"https:\/\/top-mastermind.chrhei.hera.wpspace.me\/index.php?rest_route=%2Fwp%2Fv2%2Fcomments&post=8"}],"version-history":[{"count":47,"href":"https:\/\/top-mastermind.chrhei.hera.wpspace.me\/index.php?rest_route=\/wp\/v2\/pages\/8\/revisions"}],"predecessor-version":[{"id":67,"href":"https:\/\/top-mastermind.chrhei.hera.wpspace.me\/index.php?rest_route=\/wp\/v2\/pages\/8\/revisions\/67"}],"wp:attachment":[{"href":"https:\/\/top-mastermind.chrhei.hera.wpspace.me\/index.php?rest_route=%2Fwp%2Fv2%2Fmedia&parent=8"}],"curies":[{"name":"wp","href":"https:\/\/api.w.org\/{rel}","templated":true}]}}